{"id":38,"date":"2021-10-30T17:29:26","date_gmt":"2021-10-30T17:29:26","guid":{"rendered":"https:\/\/verborrea.cl\/?page_id=38"},"modified":"2022-09-29T12:06:34","modified_gmt":"2022-09-29T15:06:34","slug":"fanzine","status":"publish","type":"page","link":"https:\/\/verborrea.cl\/?page_id=38","title":{"rendered":"Fanzine"},"content":{"rendered":"\n<h2 class=\"wp-block-heading\">Descripci\u00f3n general<\/h2>\n\n\n\n<p class=\"has-drop-cap\">Verborrea Fanzine nace a mediados del a\u00f1o 2017 con la misi\u00f3n de generar un espacio para aquellas personas que necesitan desahogar su frustraci\u00f3n respecto de su descontento social en forma de ensayos, poemas, reflexiones, ilustraciones, y desde el 2018, fotograf\u00edas. Buscamos que nuestro medio sea una salida que invite a cuestionar nuestra sociedad, nuestro rol en ella, a los que la dirigen, y el impacto que todo esto tiene en los que la componen. Adicionalmente, este proyecto recibe el nombre de Verborrea al ser una verbosidad excesiva, un circunloquio, una exagerada forma de expresar el concepto de descontento social. En otras palabras, el concepto es simple, pero las formas de expresarlo complejas e infinitas. Hasta el momento, cada texto se ha mantenido bajo el anonimato, ya que preservar la idea detr\u00e1s de cada aporte es m\u00e1s importante que destacar de d\u00f3nde se origina.<\/p>\n\n\n\n<h2 class=\"wp-block-heading\" style=\"font-size:38px;line-height:1.4\"><strong>Vol 1<\/strong><\/h2>\n\n\n\n<div class=\"wp-block-columns is-layout-flex wp-container-core-columns-is-layout-9d6595d7 wp-block-columns-is-layout-flex\">\n<div class=\"wp-block-column is-vertically-aligned-top is-layout-flow wp-block-column-is-layout-flow\">\n<div class=\"wp-block-columns is-layout-flex wp-container-core-columns-is-layout-9d6595d7 wp-block-columns-is-layout-flex\">\n<div class=\"wp-block-column is-layout-flow wp-block-column-is-layout-flow\" style=\"flex-basis:66.66%\">\n<p><\/p>\n\n\n\n<p>Publicado el 2017, nuestro primer volumen marca el inicio en nuestro camino al estar presente en escuelas populares, bibliotecas p\u00fablicas, y librer\u00edas, tales como Librer\u00eda Proyecci\u00f3n (Santiago) y Concreto Azul (Valpara\u00edso).<\/p>\n\n\n\n<div class=\"wp-block-buttons is-layout-flex wp-block-buttons-is-layout-flex\">\n<div class=\"wp-block-button\"><a class=\"wp-block-button__link has-black-color has-white-background-color has-text-color has-background\" href=\"https:\/\/verborrea.cl\/?page_id=72\" target=\"_blank\" rel=\"noreferrer noopener\">LEER VOL 1<\/a><\/div>\n\n\n\n<div class=\"wp-block-button\"><a class=\"wp-block-button__link has-black-color has-white-background-color has-text-color has-background\" href=\"https:\/\/verborrea.cl\/?smd_process_download=1&amp;download_id=242\" target=\"_blank\" rel=\"noreferrer noopener\">descargar<\/a><\/div>\n<\/div>\n<\/div>\n\n\n\n<div class=\"wp-block-column is-layout-flow wp-block-column-is-layout-flow\" style=\"flex-basis:33.33%\"><div class=\"wp-block-image is-style-default\">\n<figure class=\"aligncenter size-medium\"><img loading=\"lazy\" decoding=\"async\" width=\"300\" height=\"300\" src=\"https:\/\/verborrea.cl\/wp-content\/uploads\/2021\/10\/37708867_230498544319255_4580816791390912512_n-300x300.jpg\" alt=\"\" class=\"wp-image-61\" srcset=\"https:\/\/verborrea.cl\/wp-content\/uploads\/2021\/10\/37708867_230498544319255_4580816791390912512_n-300x300.jpg 300w, https:\/\/verborrea.cl\/wp-content\/uploads\/2021\/10\/37708867_230498544319255_4580816791390912512_n-1024x1024.jpg 1024w, https:\/\/verborrea.cl\/wp-content\/uploads\/2021\/10\/37708867_230498544319255_4580816791390912512_n-150x150.jpg 150w, https:\/\/verborrea.cl\/wp-content\/uploads\/2021\/10\/37708867_230498544319255_4580816791390912512_n-768x768.jpg 768w, https:\/\/verborrea.cl\/wp-content\/uploads\/2021\/10\/37708867_230498544319255_4580816791390912512_n-640x640.jpg 640w, https:\/\/verborrea.cl\/wp-content\/uploads\/2021\/10\/37708867_230498544319255_4580816791390912512_n-825x825.jpg 825w, https:\/\/verborrea.cl\/wp-content\/uploads\/2021\/10\/37708867_230498544319255_4580816791390912512_n-100x100.jpg 100w, https:\/\/verborrea.cl\/wp-content\/uploads\/2021\/10\/37708867_230498544319255_4580816791390912512_n-50x50.jpg 50w, https:\/\/verborrea.cl\/wp-content\/uploads\/2021\/10\/37708867_230498544319255_4580816791390912512_n.jpg 1080w\" sizes=\"auto, (max-width: 300px) 100vw, 300px\" \/><\/figure>\n<\/div><\/div>\n<\/div>\n<\/div>\n<\/div>\n\n\n\n<p><\/p>\n\n\n\n<h2 class=\"wp-block-heading\">Vol 2<\/h2>\n\n\n\n<div class=\"wp-block-columns is-layout-flex wp-container-core-columns-is-layout-9d6595d7 wp-block-columns-is-layout-flex\">\n<div class=\"wp-block-column is-layout-flow wp-block-column-is-layout-flow\">\n<div class=\"wp-block-columns is-layout-flex wp-container-core-columns-is-layout-9d6595d7 wp-block-columns-is-layout-flex\">\n<div class=\"wp-block-column is-layout-flow wp-block-column-is-layout-flow\" style=\"flex-basis:33.33%\">\n<figure class=\"wp-block-image size-full is-resized\"><img decoding=\"async\" src=\"https:\/\/verborrea.cl\/wp-content\/uploads\/2021\/10\/37380257_2075600082657012_7777576244182253568_n-edited.jpg\" alt=\"\" class=\"wp-image-78\" width=\"304\" srcset=\"https:\/\/verborrea.cl\/wp-content\/uploads\/2021\/10\/37380257_2075600082657012_7777576244182253568_n-edited.jpg 722w, https:\/\/verborrea.cl\/wp-content\/uploads\/2021\/10\/37380257_2075600082657012_7777576244182253568_n-edited-300x300.jpg 300w, https:\/\/verborrea.cl\/wp-content\/uploads\/2021\/10\/37380257_2075600082657012_7777576244182253568_n-edited-150x150.jpg 150w, https:\/\/verborrea.cl\/wp-content\/uploads\/2021\/10\/37380257_2075600082657012_7777576244182253568_n-edited-640x640.jpg 640w, https:\/\/verborrea.cl\/wp-content\/uploads\/2021\/10\/37380257_2075600082657012_7777576244182253568_n-edited-100x100.jpg 100w, https:\/\/verborrea.cl\/wp-content\/uploads\/2021\/10\/37380257_2075600082657012_7777576244182253568_n-edited-50x50.jpg 50w\" sizes=\"(max-width: 722px) 100vw, 722px\" \/><\/figure>\n<\/div>\n\n\n\n<div class=\"wp-block-column is-layout-flow wp-block-column-is-layout-flow\" style=\"flex-basis:66.66%\">\n<p>Lanzado el 2018, nuestro Vol 2 recibi\u00f3 al menos 3 reediciones por el inter\u00e9s generado. Tal como el n\u00famero anterior, el Vol 2 tambi\u00e9n se distribuy\u00f3 a escuelas populares, bibliotecas, y librer\u00edas. En esta ocasi\u00f3n, abrimos nuestra convocatoria a m\u00e1s personas y empezamos a contemplar la idea de cambiar totalmente nuestro formato de presentaci\u00f3n y de distribuci\u00f3n, lo que nos llev\u00f3 a dise\u00f1ar 2 versiones con distintas fotograf\u00edas usadas como contraportada. Sin embargo, pasar\u00edan 3 a\u00f1os antes de retomar actividades que nos llevar\u00edan a nuestro siguiente n\u00famero.<\/p>\n<\/div>\n<\/div>\n\n\n\n<div class=\"wp-block-buttons is-layout-flex wp-block-buttons-is-layout-flex\">\n<div class=\"wp-block-button\"><a class=\"wp-block-button__link has-black-color has-white-background-color has-text-color has-background\" href=\"https:\/\/verborrea.cl\/?page_id=80\" target=\"_blank\" rel=\"noreferrer noopener\">leer vol 2<\/a><\/div>\n\n\n\n<div class=\"wp-block-button\"><a class=\"wp-block-button__link has-black-color has-white-background-color has-text-color has-background\" href=\"https:\/\/verborrea.cl\/?smd_process_download=1&amp;download_id=243\" target=\"_blank\" rel=\"noreferrer noopener\">descargar<\/a><\/div>\n<\/div>\n<\/div>\n<\/div>\n\n\n\n<p><\/p>\n\n\n\n<h2 class=\"wp-block-heading\">Vol 3<\/h2>\n\n\n\n<div class=\"wp-block-columns is-layout-flex wp-container-core-columns-is-layout-9d6595d7 wp-block-columns-is-layout-flex\">\n<div class=\"wp-block-column is-layout-flow wp-block-column-is-layout-flow\" style=\"flex-basis:66.66%\">\n<p><\/p>\n\n\n\n<p>Ya en el 2021, Verborrea Fanzine experimenta un renacer motivado por la pandemia y la llegada de la vida a trav\u00e9s de pantallas. Para poder llegar a m\u00e1s personas, decidimos digitalizar nuestros n\u00fameros anteriores y promover nuestro trabajo desde un plano completamente digital. Es as\u00ed que el Vol 3 marca un cambio en la metodolog\u00eda de trabajo y en las ganas de seguir presentando futuros vol\u00famenes al experimentar con formatos y medios que nos lleven a difundir nuestro pensar. <\/p>\n\n\n\n<div class=\"wp-block-buttons is-layout-flex wp-block-buttons-is-layout-flex\">\n<div class=\"wp-block-button\"><a class=\"wp-block-button__link has-black-color has-white-background-color has-text-color has-background\" href=\"https:\/\/verborrea.cl\/?page_id=84\" target=\"_blank\" rel=\"noreferrer noopener\">leer vol 3<\/a><\/div>\n\n\n\n<div class=\"wp-block-button\"><a class=\"wp-block-button__link has-black-color has-white-background-color has-text-color has-background\" href=\"https:\/\/verborrea.cl\/?smd_process_download=1&amp;download_id=244\" target=\"_blank\" rel=\"noreferrer noopener\">descargar<\/a><\/div>\n<\/div>\n<\/div>\n\n\n\n<div class=\"wp-block-column is-layout-flow wp-block-column-is-layout-flow\" style=\"flex-basis:33.33%\"><div class=\"wp-block-image is-style-default wp-duotone-000000-ffffff-1\">\n<figure class=\"aligncenter size-full is-resized\"><img loading=\"lazy\" decoding=\"async\" src=\"https:\/\/verborrea.cl\/wp-content\/uploads\/2021\/10\/IMG_20211030_210802-scaled.jpg\" alt=\"\" class=\"wp-image-124\" width=\"346\" height=\"346\" srcset=\"https:\/\/verborrea.cl\/wp-content\/uploads\/2021\/10\/IMG_20211030_210802-scaled.jpg 2560w, https:\/\/verborrea.cl\/wp-content\/uploads\/2021\/10\/IMG_20211030_210802-300x300.jpg 300w, https:\/\/verborrea.cl\/wp-content\/uploads\/2021\/10\/IMG_20211030_210802-1024x1024.jpg 1024w, https:\/\/verborrea.cl\/wp-content\/uploads\/2021\/10\/IMG_20211030_210802-150x150.jpg 150w, https:\/\/verborrea.cl\/wp-content\/uploads\/2021\/10\/IMG_20211030_210802-768x768.jpg 768w, https:\/\/verborrea.cl\/wp-content\/uploads\/2021\/10\/IMG_20211030_210802-1536x1536.jpg 1536w, https:\/\/verborrea.cl\/wp-content\/uploads\/2021\/10\/IMG_20211030_210802-2048x2048.jpg 2048w, https:\/\/verborrea.cl\/wp-content\/uploads\/2021\/10\/IMG_20211030_210802-640x640.jpg 640w, https:\/\/verborrea.cl\/wp-content\/uploads\/2021\/10\/IMG_20211030_210802-825x825.jpg 825w, https:\/\/verborrea.cl\/wp-content\/uploads\/2021\/10\/IMG_20211030_210802-100x100.jpg 100w, https:\/\/verborrea.cl\/wp-content\/uploads\/2021\/10\/IMG_20211030_210802-50x50.jpg 50w\" sizes=\"auto, (max-width: 346px) 100vw, 346px\" \/><\/figure>\n<\/div><\/div>\n<\/div>\n\n\n\n<p><\/p>\n\n\n\n<p><\/p>\n","protected":false},"excerpt":{"rendered":"<p>Descripci\u00f3n general Verborrea Fanzine nace a mediados del a\u00f1o 2017 con la misi\u00f3n de generar un espacio para aquellas personas que necesitan desahogar su frustraci\u00f3n respecto de su descontento social en forma de ensayos, poemas,<span class=\"more-button\"><a href=\"https:\/\/verborrea.cl\/?page_id=38\" class=\"more-link\">Contin\u00faa Leyendo<span class=\"screen-reader-text\">Fanzine<\/span><i class=\"fa fa-angle-right\" aria-hidden=\"true\"><\/i><\/a><\/span><\/p>\n","protected":false},"author":1,"featured_media":0,"parent":0,"menu_order":1,"comment_status":"closed","ping_status":"closed","template":"templates\/no-sidebar.php","meta":{"footnotes":""},"class_list":["post-38","page","type-page","status-publish","hentry"],"_links":{"self":[{"href":"https:\/\/verborrea.cl\/index.php?rest_route=\/wp\/v2\/pages\/38","targetHints":{"allow":["GET"]}}],"collection":[{"href":"https:\/\/verborrea.cl\/index.php?rest_route=\/wp\/v2\/pages"}],"about":[{"href":"https:\/\/verborrea.cl\/index.php?rest_route=\/wp\/v2\/types\/page"}],"author":[{"embeddable":true,"href":"https:\/\/verborrea.cl\/index.php?rest_route=\/wp\/v2\/users\/1"}],"replies":[{"embeddable":true,"href":"https:\/\/verborrea.cl\/index.php?rest_route=%2Fwp%2Fv2%2Fcomments&post=38"}],"version-history":[{"count":45,"href":"https:\/\/verborrea.cl\/index.php?rest_route=\/wp\/v2\/pages\/38\/revisions"}],"predecessor-version":[{"id":366,"href":"https:\/\/verborrea.cl\/index.php?rest_route=\/wp\/v2\/pages\/38\/revisions\/366"}],"wp:attachment":[{"href":"https:\/\/verborrea.cl\/index.php?rest_route=%2Fwp%2Fv2%2Fmedia&parent=38"}],"curies":[{"name":"wp","href":"https:\/\/api.w.org\/{rel}","templated":true}]}}