{"id":360,"date":"2022-09-29T12:00:15","date_gmt":"2022-09-29T15:00:15","guid":{"rendered":"https:\/\/verborrea.cl\/?page_id=360"},"modified":"2022-09-29T12:09:32","modified_gmt":"2022-09-29T15:09:32","slug":"charlas-cortas","status":"publish","type":"page","link":"https:\/\/verborrea.cl\/?page_id=360","title":{"rendered":"Charlas Cortas"},"content":{"rendered":"\n<p class=\"has-text-align-left\">Con la idea de grabar entrevistas a personas, pensamos en replicar la metodolog\u00eda de <a href=\"https:\/\/www.youtube.com\/watch?v=QBPpwxfqT3o\" data-type=\"URL\" data-id=\"https:\/\/www.youtube.com\/watch?v=QBPpwxfqT3o\" target=\"_blank\" rel=\"noreferrer noopener\">Thoraya Maronesy<\/a>: un primer primer\u00edsimo plano con preguntas inc\u00f3modas. La idea era entrar en una intimidad de manera no-invasiva, pero que se sintiera fuera de lugar, haciendo creer a la audiencia <em>Yo no pertenezco aqu\u00ed, pero tampoco me quiero ir. <\/em> Para llevar a cabo la idea, pensamos en distintas locaciones, preguntas, pautas, b-roll, hasta que la idea evolucion\u00f3 tanto que no sab\u00edamos por donde partir. <\/p>\n\n\n\n<p>En ese entonces, nos junt\u00e1bamos en la <a href=\"https:\/\/www.instagram.com\/lotusbarberia\/\" data-type=\"URL\" data-id=\"https:\/\/www.instagram.com\/lotusbarberia\/\" target=\"_blank\" rel=\"noreferrer noopener\">Barber\u00eda Lotus<\/a> de Lastarria y se nos prendi\u00f3 la ampolleta: <em>\u00bfPor qu\u00e9 salir a buscar gente, si la gente ya viene para ac\u00e1?<\/em> Ah\u00ed naci\u00f3 nuestra seriedocumental en formato de entrevista llamada Charlas Cortas, en donde entrevistamos a los patrones de la barber\u00eda y plasmamos las conversaciones que se dan en el \u00edntimo espacio de un corte de pelo o perfilado de barba. <\/p>\n\n\n\n<figure class=\"wp-block-embed is-type-video is-provider-youtube wp-block-embed-youtube wp-embed-aspect-16-9 wp-has-aspect-ratio\"><div class=\"wp-block-embed__wrapper\">\n<iframe loading=\"lazy\" title=\"Charlas Cortas \u2014 Cap\u00edtulo 0: Eric Araya  #charlascortas\" width=\"940\" height=\"529\" src=\"https:\/\/www.youtube.com\/embed\/ybjI4d0g1Jc?feature=oembed\" frameborder=\"0\" allow=\"accelerometer; autoplay; clipboard-write; encrypted-media; gyroscope; picture-in-picture\" allowfullscreen><\/iframe>\n<\/div><\/figure>\n","protected":false},"excerpt":{"rendered":"<p>Con la idea de grabar entrevistas a personas, pensamos en replicar la metodolog\u00eda de Thoraya Maronesy: un primer primer\u00edsimo plano con preguntas inc\u00f3modas. La idea era entrar en una intimidad de manera no-invasiva, pero que<span class=\"more-button\"><a href=\"https:\/\/verborrea.cl\/?page_id=360\" class=\"more-link\">Contin\u00faa Leyendo<span class=\"screen-reader-text\">Charlas Cortas<\/span><i class=\"fa fa-angle-right\" aria-hidden=\"true\"><\/i><\/a><\/span><\/p>\n","protected":false},"author":1,"featured_media":0,"parent":0,"menu_order":0,"comment_status":"closed","ping_status":"closed","template":"","meta":{"footnotes":""},"class_list":["post-360","page","type-page","status-publish","hentry"],"_links":{"self":[{"href":"https:\/\/verborrea.cl\/index.php?rest_route=\/wp\/v2\/pages\/360","targetHints":{"allow":["GET"]}}],"collection":[{"href":"https:\/\/verborrea.cl\/index.php?rest_route=\/wp\/v2\/pages"}],"about":[{"href":"https:\/\/verborrea.cl\/index.php?rest_route=\/wp\/v2\/types\/page"}],"author":[{"embeddable":true,"href":"https:\/\/verborrea.cl\/index.php?rest_route=\/wp\/v2\/users\/1"}],"replies":[{"embeddable":true,"href":"https:\/\/verborrea.cl\/index.php?rest_route=%2Fwp%2Fv2%2Fcomments&post=360"}],"version-history":[{"count":3,"href":"https:\/\/verborrea.cl\/index.php?rest_route=\/wp\/v2\/pages\/360\/revisions"}],"predecessor-version":[{"id":368,"href":"https:\/\/verborrea.cl\/index.php?rest_route=\/wp\/v2\/pages\/360\/revisions\/368"}],"wp:attachment":[{"href":"https:\/\/verborrea.cl\/index.php?rest_route=%2Fwp%2Fv2%2Fmedia&parent=360"}],"curies":[{"name":"wp","href":"https:\/\/api.w.org\/{rel}","templated":true}]}}