{"id":313,"date":"2022-09-01T20:08:48","date_gmt":"2022-09-02T00:08:48","guid":{"rendered":"https:\/\/verborrea.cl\/?page_id=313"},"modified":"2023-07-10T17:55:33","modified_gmt":"2023-07-10T21:55:33","slug":"convocatorias","status":"publish","type":"page","link":"https:\/\/verborrea.cl\/?page_id=313","title":{"rendered":"Convocatorias"},"content":{"rendered":"\n<p>\u00a1No te pierdas la oportunidad de participar en alguna de nuestras convocatorias fotogr\u00e1ficas! <\/p>\n\n\n\n<p>Si quieres publicar un art\u00edculo fotogr\u00e1fico (Revisa nuestra <a rel=\"noreferrer noopener\" href=\"https:\/\/verborrea.cl\/?page_id=40\" data-type=\"page\" data-id=\"40\" target=\"_blank\">revista Enfoque<\/a> para inspirarte), o si quieres que destaquemos tu trabajo en <a rel=\"noreferrer noopener\" href=\"https:\/\/www.instagram.com\/editorialverborrea\/\" data-type=\"URL\" data-id=\"https:\/\/www.instagram.com\/editorialverborrea\/\" target=\"_blank\">nuestras plataformas<\/a>, revisa las bases a continuaci\u00f3n:<\/p>\n\n\n\n<div class=\"wp-block-buttons is-content-justification-center is-layout-flex wp-container-core-buttons-is-layout-16018d1d wp-block-buttons-is-layout-flex\">\n<div class=\"wp-block-button has-custom-width wp-block-button__width-100 has-custom-font-size is-style-outline has-small-font-size is-style-outline--1\"><a class=\"wp-block-button__link has-black-color has-white-background-color has-text-color has-background wp-element-button\" href=\"https:\/\/verborrea.cl\/?smd_process_download=1&amp;download_id=321\" target=\"_blank\" rel=\"noreferrer noopener\">fotograf\u00edas destacadas<\/a><\/div>\n<\/div>\n\n\n\n<p><\/p>\n","protected":false},"excerpt":{"rendered":"<p>\u00a1No te pierdas la oportunidad de participar en alguna de nuestras convocatorias fotogr\u00e1ficas! Si quieres publicar un art\u00edculo fotogr\u00e1fico (Revisa nuestra revista Enfoque para inspirarte), o si quieres que destaquemos tu trabajo en nuestras plataformas,<span class=\"more-button\"><a href=\"https:\/\/verborrea.cl\/?page_id=313\" class=\"more-link\">Contin\u00faa Leyendo<span class=\"screen-reader-text\">Convocatorias<\/span><i class=\"fa fa-angle-right\" aria-hidden=\"true\"><\/i><\/a><\/span><\/p>\n","protected":false},"author":1,"featured_media":0,"parent":0,"menu_order":0,"comment_status":"closed","ping_status":"closed","template":"","meta":{"footnotes":""},"class_list":["post-313","page","type-page","status-publish","hentry"],"_links":{"self":[{"href":"https:\/\/verborrea.cl\/index.php?rest_route=\/wp\/v2\/pages\/313","targetHints":{"allow":["GET"]}}],"collection":[{"href":"https:\/\/verborrea.cl\/index.php?rest_route=\/wp\/v2\/pages"}],"about":[{"href":"https:\/\/verborrea.cl\/index.php?rest_route=\/wp\/v2\/types\/page"}],"author":[{"embeddable":true,"href":"https:\/\/verborrea.cl\/index.php?rest_route=\/wp\/v2\/users\/1"}],"replies":[{"embeddable":true,"href":"https:\/\/verborrea.cl\/index.php?rest_route=%2Fwp%2Fv2%2Fcomments&post=313"}],"version-history":[{"count":9,"href":"https:\/\/verborrea.cl\/index.php?rest_route=\/wp\/v2\/pages\/313\/revisions"}],"predecessor-version":[{"id":378,"href":"https:\/\/verborrea.cl\/index.php?rest_route=\/wp\/v2\/pages\/313\/revisions\/378"}],"wp:attachment":[{"href":"https:\/\/verborrea.cl\/index.php?rest_route=%2Fwp%2Fv2%2Fmedia&parent=313"}],"curies":[{"name":"wp","href":"https:\/\/api.w.org\/{rel}","templated":true}]}}