{"id":2,"date":"2021-10-22T18:56:24","date_gmt":"2021-10-22T18:56:24","guid":{"rendered":"https:\/\/verborrea.cl\/?page_id=2"},"modified":"2022-09-29T12:04:12","modified_gmt":"2022-09-29T15:04:12","slug":"quienes-somos","status":"publish","type":"page","link":"https:\/\/verborrea.cl\/","title":{"rendered":"\u00bfQui\u00e9nes somos?"},"content":{"rendered":"\n<p class=\"has-drop-cap\">Editorial Verborrea nace en el a\u00f1o 2017 bajo el nombre Verborrea Fanzine y se presenta al mundo como tal: una publicaci\u00f3n independiente, de pocos n\u00fameros disponibles, hecha a mano, y con ganas de generar un espacio para personas que pudiesen, a trav\u00e9s de la esencia de la palabra verborrea, vomitar el descontento social que sentimos d\u00eda a d\u00eda. <\/p>\n\n\n\n<p>Con el tiempo, lanzamos nuestro 2do vol\u00famen en el a\u00f1o 2018, ligeramente consolidando el espacio que generamos dentro de nuestro c\u00edrculo m\u00e1s cercano, como una plataforma segura para compartir aquellos textos que definen nuestro sentir. <\/p>\n\n\n\n<p>Luego de un hiato de 3 a\u00f1os, y considerando los desaf\u00edos de la pandemia y la migraci\u00f3n de formatos a un mundo digital, publicamos nuestro 3er vol\u00famen en junio del 2021. A continuaci\u00f3n, decidimos transformar nuestro fanzine en una editorial. Por lo tanto, desde<strong>&nbsp;Editorial Verborrea<\/strong> (o simplemente <strong>Verborrea<\/strong>) nacen diversas l\u00edneas:<\/p>\n\n\n\n<p>&nbsp;<strong><a href=\"https:\/\/verborrea.cl\/?page_id=38\" data-type=\"page\" data-id=\"38\">Verborrea Fanzine<\/a><\/strong>: discontinuada l\u00ednea de fanzines; <\/p>\n\n\n\n<p><strong><a href=\"https:\/\/verborrea.cl\/?page_id=40\" data-type=\"page\" data-id=\"40\">Enfoque Verborrea<\/a><\/strong>: revista dedicada a las reflexiones a base de la fotograf\u00eda-ensayo;<\/p>\n\n\n\n<p><a href=\"https:\/\/verborrea.cl\/?page_id=360\" data-type=\"URL\" data-id=\"https:\/\/verborrea.cl\/?page_id=360\">Charlas Cortas:<\/a> serie-documental en formato de entrevistas creado en conjunto con <a rel=\"noreferrer noopener\" href=\"https:\/\/www.instagram.com\/lotusbarberia\/?hl=en\" data-type=\"URL\" data-id=\"https:\/\/www.instagram.com\/lotusbarberia\/?hl=en\" target=\"_blank\">Lotus Barber\u00eda<\/a><\/p>\n\n\n\n<p><a href=\"https:\/\/verborrea.cl\/?page_id=332\" data-type=\"page\" data-id=\"332\">Sonidos de Chile:<\/a> librer\u00eda de sonidos de Chile publicada en  formato Podcast. <\/p>\n\n\n\n<p><\/p>\n","protected":false},"excerpt":{"rendered":"<p>Editorial Verborrea nace en el a\u00f1o 2017 bajo el nombre Verborrea Fanzine y se presenta al mundo como tal: una publicaci\u00f3n independiente, de pocos n\u00fameros disponibles, hecha a mano, y con ganas de generar un<span class=\"more-button\"><a href=\"https:\/\/verborrea.cl\/\" class=\"more-link\">Contin\u00faa Leyendo<span class=\"screen-reader-text\">\u00bfQui\u00e9nes somos?<\/span><i class=\"fa fa-angle-right\" aria-hidden=\"true\"><\/i><\/a><\/span><\/p>\n","protected":false},"author":1,"featured_media":0,"parent":0,"menu_order":0,"comment_status":"closed","ping_status":"closed","template":"templates\/no-sidebar.php","meta":{"footnotes":""},"class_list":["post-2","page","type-page","status-publish","hentry"],"_links":{"self":[{"href":"https:\/\/verborrea.cl\/index.php?rest_route=\/wp\/v2\/pages\/2","targetHints":{"allow":["GET"]}}],"collection":[{"href":"https:\/\/verborrea.cl\/index.php?rest_route=\/wp\/v2\/pages"}],"about":[{"href":"https:\/\/verborrea.cl\/index.php?rest_route=\/wp\/v2\/types\/page"}],"author":[{"embeddable":true,"href":"https:\/\/verborrea.cl\/index.php?rest_route=\/wp\/v2\/users\/1"}],"replies":[{"embeddable":true,"href":"https:\/\/verborrea.cl\/index.php?rest_route=%2Fwp%2Fv2%2Fcomments&post=2"}],"version-history":[{"count":12,"href":"https:\/\/verborrea.cl\/index.php?rest_route=\/wp\/v2\/pages\/2\/revisions"}],"predecessor-version":[{"id":365,"href":"https:\/\/verborrea.cl\/index.php?rest_route=\/wp\/v2\/pages\/2\/revisions\/365"}],"wp:attachment":[{"href":"https:\/\/verborrea.cl\/index.php?rest_route=%2Fwp%2Fv2%2Fmedia&parent=2"}],"curies":[{"name":"wp","href":"https:\/\/api.w.org\/{rel}","templated":true}]}}